{"id":293,"date":"2014-06-10T14:00:42","date_gmt":"2014-06-10T14:00:42","guid":{"rendered":"http:\/\/www.cachacapiracicabana.com.br\/site\/?page_id=293"},"modified":"2014-07-21T17:51:51","modified_gmt":"2014-07-21T17:51:51","slug":"embalagens-diversas","status":"publish","type":"page","link":"https:\/\/www.cachacapiracicabana.com.br\/site\/embalagens-diversas\/","title":{"rendered":"Embalagens diversas"},"content":{"rendered":"<p><a title=\"Ver Fotos\" href=\"https:\/\/www.cachacapiracicabana.com.br\/site\/tubet-de-papelao-contendo-uma-garrafa-de-cachaca-piracicabana-envelhecida-com-capacidade-de-500-ml-ref-21\/\">Tubet de papel\u00e3o contendo uma garrafa de Cacha\u00e7a Piracicabana envelhecida com capacidade de 500 ml &#8211; Ref-21<\/a><\/p>\n<p><a title=\"Ver Fotos\" href=\"https:\/\/www.cachacapiracicabana.com.br\/site\/tubet-de-papelao-contendo-uma-garrafa-de-licor-creme-de-cachaca-piracicabana-com-capacidade-de-500-ml-ref-22\/\">Tubet de papel\u00e3o contendo uma garrafa de licor creme de Cacha\u00e7a Piracicabana com capacidade de 500 ml &#8211; Ref-22<\/a><\/p>\n<p><a title=\"Ver Fotos\" href=\"https:\/\/www.cachacapiracicabana.com.br\/site\/bau-de-madeira-personalizado-contendo-uma-garrafa-de-cachaca-piracicabana-pura-com-capacidade-de-160-ml-ref-23\/\">Ba\u00fa de madeira personalizado contendo uma garrafa de Cacha\u00e7a Piracicabana pura com capacidade de 160 ml &#8211; Ref-23<\/a><\/p>\n<p><a title=\"Ver Fotos\" href=\"https:\/\/www.cachacapiracicabana.com.br\/site\/bau-de-madeira-personalizado-contendo-uma-garrafa-de-cachaca-piracicabana-envelhecida-com-capacidade-de-160-ml-ref-24\/\">Ba\u00fa de madeira personalizado contendo uma garrafa de Cacha\u00e7a Piracicabana envelhecida com capacidade de 160 ml &#8211; Ref-24<\/a><\/p>\n<p><a href=\"https:\/\/www.cachacapiracicabana.com.br\/site\/bau-de-madeira-personalizado-contendo-uma-garrafa-de-licor-creme-de-cachaca-piracicabana-com-capacidade-de-160-ml-ref-25\/\">Ba\u00fa de madeira personalizado contendo uma garrafa de licor creme de Cacha\u00e7a Piracicabana com capacidade de 160 ml &#8211; Ref-25<\/a><\/p>\n<p><a href=\"https:\/\/www.cachacapiracicabana.com.br\/site\/bau-de-madeira-personalizado-contendo-uma-garrafa-de-licor-creme-de-cachaca-piracicabana-pura-com-capacidade-de-375-ml-ref-26\/\">Ba\u00fa de madeira personalizado contendo uma garrafa de licor creme de Cacha\u00e7a Piracicabana com capacidade de 375 ml &#8211; Ref-26<\/a><\/p>\n<p><a href=\"https:\/\/www.cachacapiracicabana.com.br\/site\/bau-de-madeira-personalizado-contendo-uma-garrafa-de-cachaca-piracicabana-pura-com-capacidade-de-500-ml-ref-27\/\">Ba\u00fa de madeira personalizado contendo uma garrafa de Cacha\u00e7a Piracicabana pura com capacidade de 500 ml &#8211; Ref-27<\/a><\/p>\n<p><a href=\"https:\/\/www.cachacapiracicabana.com.br\/site\/bau-de-madeira-personalizado-contendo-uma-garrafa-de-cachaca-piracicabana-envelhecida-com-capacidade-de-500-ml-ref-28\/\">Ba\u00fa de madeira personalizado contendo uma garrafa de Cacha\u00e7a Piracicabana envelhecida com capacidade de 500 ml &#8211; Ref-28<\/a><\/p>\n<p><a href=\"https:\/\/www.cachacapiracicabana.com.br\/site\/bau-de-madeira-personalizado-contendo-uma-garrafa-de-licor-creme-de-cachaca-piracicabana-com-capacidade-de-500-ml-ref-29\/\">Ba\u00fa de madeira personalizado contendo uma garrafa de licor creme de Cacha\u00e7a Piracicabana com capacidade de 500 ml &#8211; Ref-29<\/a><\/p>\n<p><a href=\"https:\/\/www.cachacapiracicabana.com.br\/site\/bau-de-madeira-personalizado-contendo-uma-garrafa-de-licor-creme-de-cachaca-piracicabana-com-capacidade-de-745-ml-ref-30\/\">Ba\u00fa de madeira personalizado contendo uma garrafa de licor creme de Cacha\u00e7a Piracicabana com capacidade de 745 ml &#8211; Ref-30<\/a><\/p>\n<p><a href=\"https:\/\/www.cachacapiracicabana.com.br\/site\/bau-de-madeira-personalizado-contendo-uma-garrafa-tipo-achatada-de-licor-creme-de-cachaca-piracicabana-com-capacidade-de-750-ml-ref-31\/\">Ba\u00fa de madeira personalizado contendo uma garrafa tipo \u201cachatada\u201d de licor creme de Cacha\u00e7a Piracicabana com capacidade de 750 ml &#8211; Ref-31<\/a><\/p>\n<p><a href=\"https:\/\/www.cachacapiracicabana.com.br\/site\/bau-de-madeira-personalizado-contendo-uma-garrafa-de-licor-creme-de-cachaca-piracicabana-com-capacidade-de-250-ml-uma-garrafa-de-cachaca-piracicabana-pura-com-capacidade-de-250-ml-e-uma-garrafa-de-ca\/\">Ba\u00fa de madeira personalizado contendo uma garrafa de licor creme de Cacha\u00e7a Piracicabana com capacidade de 250 ml, uma garrafa de Cacha\u00e7a Piracicabana Pura com capacidade de 250 ml e uma garrafa de Cacha\u00e7a Piracicabana envelhecida com capacidade de 250 ml &#8211; Ref-32<\/a><\/p>\n<p><a href=\"https:\/\/www.cachacapiracicabana.com.br\/site\/bau-de-madeira-personalizado-contendo-uma-garrafa-tipo-cantil-de-licor-creme-de-cachaca-piracicabana-com-capacidade-de-670-ml-e-dois-copos-de-vidro-de-60-ml-ref-33\/\">Ba\u00fa de madeira personalizado contendo uma garrafa tipo \u201ccantil\u201d de licor creme de Cacha\u00e7a Piracicabana com capacidade de 670 ml e dois copos de vidro de 60 ml &#8211; Ref-33<\/a><\/p>\n<p><a href=\"https:\/\/www.cachacapiracicabana.com.br\/site\/bau-de-madeira-personalizado-contendo-uma-garrafa-tipo-cantil-de-cachaca-piracicabana-envelhecida-com-capacidade-de-670-ml-e-dois-copos-de-vidro-de-60-ml-ref-34\/\">Ba\u00fa de madeira personalizado contendo uma garrafa tipo \u201ccantil\u201d de Cacha\u00e7a Piracicabana envelhecida com capacidade de 670 ml e dois copos de vidro de 60 ml &#8211; Ref-34<\/a><\/p>\n<p><a href=\"https:\/\/www.cachacapiracicabana.com.br\/site\/bau-de-madeira-personalizado-contendo-uma-garrafa-tipo-cantil-de-cachaca-piracicabana-pura-com-capacidade-de-670-ml-e-dois-copos-de-vidro-de-60-ml-ref-35\/\">Ba\u00fa de madeira personalizado contendo uma garrafa tipo \u201ccantil\u201d de Cacha\u00e7a Piracicabana pura com capacidade de 670 ml e dois copos de vidro de 60 ml &#8211; Ref-35<\/a><\/p>\n<p><a href=\"https:\/\/www.cachacapiracicabana.com.br\/site\/bau-de-madeira-personalizado-contendo-uma-garrafa-tipo-cantil-de-licor-creme-de-cachaca-piracicabana-com-capacidade-de-670-ml-uma-garrafa-tipo-cantil-de-cachaca-p\/\">Ba\u00fa de madeira personalizado contendo uma garrafa tipo \u201ccantil\u201d de licor creme de Cacha\u00e7a Piracicabana com capacidade de 670 ml , uma garrafa tipo \u201ccantil\u201d de Cacha\u00e7a Piracicabana envelhecida com capacidade de 670 ml e dois copos de vidro de 60 ml &#8211; Ref-36<\/a><\/p>\n<p><a href=\"https:\/\/www.cachacapiracicabana.com.br\/site\/bau-de-madeira-personalizado-contendo-uma-garrafa-tipo-cantil-de-cachaca-piracicabana-pura-com-capacidade-de-670-ml-uma-garrafa-tipo-cantil-de-cachaca-piracicaban\/\">Ba\u00fa de madeira personalizado contendo uma garrafa tipo \u201ccantil\u201d de Cacha\u00e7a Piracicabana pura com capacidade de 670 ml , uma garrafa tipo \u201ccantil\u201d de Cacha\u00e7a Piracicabana envelhecida com capacidade de 670 ml e dois copos de vidro de 60 ml &#8211; Ref-37<\/a><\/p>\n<p><a href=\"https:\/\/www.cachacapiracicabana.com.br\/site\/bau-de-madeira-personalizado-contendo-uma-garrafa-de-licor-creme-de-cachaca-piracicabana-com-capacidade-de-500-ml-e-uma-garrafa-de-cachaca-piracicabana-envelhecida-com-capacidade-de-500-ml-ref-38\/\">Ba\u00fa de madeira personalizado contendo uma garrafa de licor creme de Cacha\u00e7a Piracicabana com capacidade de 500 ml e uma garrafa de cacha\u00e7a Piracicabana envelhecida com capacidade de 500 ml &#8211; Ref-38<\/a><\/p>\n<p><a href=\"https:\/\/www.cachacapiracicabana.com.br\/site\/bau-de-madeira-personalizado-contendo-uma-garrafa-de-cachaca-piracicabana-pura-com-capacidade-de-500-ml-e-uma-garrafa-de-cachaca-piracicabana-envelhecida-com-capacidade-de-500-ml-ref-39\/\">\u00a0Ba\u00fa de madeira personalizado contendo uma garrafa de Cacha\u00e7a Piracicabana pura com capacidade de 500 ml e uma garrafa de Cacha\u00e7a Piracicabana envelhecida com capacidade de 500 ml &#8211; Ref-39<\/a><\/p>\n<p><a href=\"https:\/\/www.cachacapiracicabana.com.br\/site\/bau-de-madeira-personalizado-contendo-uma-garrafa-de-licor-creme-de-cachaca-piracicabana-com-capacidade-de-500-ml-uma-garrafa-de-cachaca-piracicabana-envelhecida-com-capacidade-de-500-ml-e-uma-garra\/\">Ba\u00fa de madeira personalizado contendo uma garrafa de licor creme de Cacha\u00e7a Piracicabana com capacidade de 500 ml , uma garrafa de Cacha\u00e7a Piracicabana envelhecida com capacidade de 500 ml e uma garrafa de Cacha\u00e7a Piracicabana pura com capacidade de 500 ml &#8211; Ref-40<\/a><\/p>\n<p><a href=\"https:\/\/www.cachacapiracicabana.com.br\/site\/sacola-personalizada-personalizado-contendo-uma-garrafa-de-licor-creme-de-cachaca-piracicabana-com-capacidade-de-50-ml-uma-garrafa-de-cachaca-piracicabana-envelhecida-com-capacidade-de-50-ml-e-uma-g\/\">Sacola personalizada personalizado contendo uma garrafa de licor creme de Cacha\u00e7a Piracicabana com capacidade de 50 ml , uma garrafa de Cacha\u00e7a Piracicabana envelhecida com capacidade de 50 ml e uma garrafa de Cacha\u00e7a Piracicabana pura com capacidade de 50 ml &#8211; Ref-41<\/a><\/p>\n<p><a href=\"https:\/\/www.cachacapiracicabana.com.br\/site\/sacola-tipo-kraft-personalizada-com-logotipo-da-cachaca-piracicabana-ref-43\/\">\u00a0Sacola tipo kraft personalizada com logotipo da Cacha\u00e7a Piracicabana &#8211; \u00a0Ref-43<\/a><\/p>\n<p>&nbsp;<\/p>\n<p>&nbsp;<\/p>\n","protected":false},"excerpt":{"rendered":"<p>Tubet de papel\u00e3o contendo uma garrafa de Cacha\u00e7a Piracicabana envelhecida com capacidade de 500 ml &#8211; Ref-21 Tubet de papel\u00e3o contendo uma garrafa de licor creme&#8230;<\/p>\n","protected":false},"author":2,"featured_media":0,"parent":0,"menu_order":0,"comment_status":"closed","ping_status":"closed","template":"","meta":{"footnotes":""},"_links":{"self":[{"href":"https:\/\/www.cachacapiracicabana.com.br\/site\/wp-json\/wp\/v2\/pages\/293"}],"collection":[{"href":"https:\/\/www.cachacapiracicabana.com.br\/site\/wp-json\/wp\/v2\/pages"}],"about":[{"href":"https:\/\/www.cachacapiracicabana.com.br\/site\/wp-json\/wp\/v2\/types\/page"}],"author":[{"embeddable":true,"href":"https:\/\/www.cachacapiracicabana.com.br\/site\/wp-json\/wp\/v2\/users\/2"}],"replies":[{"embeddable":true,"href":"https:\/\/www.cachacapiracicabana.com.br\/site\/wp-json\/wp\/v2\/comments?post=293"}],"version-history":[{"count":5,"href":"https:\/\/www.cachacapiracicabana.com.br\/site\/wp-json\/wp\/v2\/pages\/293\/revisions"}],"predecessor-version":[{"id":675,"href":"https:\/\/www.cachacapiracicabana.com.br\/site\/wp-json\/wp\/v2\/pages\/293\/revisions\/675"}],"wp:attachment":[{"href":"https:\/\/www.cachacapiracicabana.com.br\/site\/wp-json\/wp\/v2\/media?parent=293"}],"curies":[{"name":"wp","href":"https:\/\/api.w.org\/{rel}","templated":true}]}}