{"id":344,"date":"2014-06-10T14:21:09","date_gmt":"2014-06-10T14:21:09","guid":{"rendered":"http:\/\/www.cachacapiracicabana.com.br\/site\/?page_id=344"},"modified":"2014-07-21T17:44:31","modified_gmt":"2014-07-21T17:44:31","slug":"bau-de-madeira-personalizado-contendo-uma-garrafa-de-licor-creme-de-cachaca-piracicabana-com-capacidade-de-250-ml-uma-garrafa-de-cachaca-piracicabana-pura-com-capacidade-de-250-ml-e-uma-garrafa-de-ca","status":"publish","type":"page","link":"https:\/\/www.cachacapiracicabana.com.br\/site\/bau-de-madeira-personalizado-contendo-uma-garrafa-de-licor-creme-de-cachaca-piracicabana-com-capacidade-de-250-ml-uma-garrafa-de-cachaca-piracicabana-pura-com-capacidade-de-250-ml-e-uma-garrafa-de-ca\/","title":{"rendered":"Ba\u00fa de madeira personalizado contendo uma garrafa de licor creme de Cacha\u00e7a Piracicabana com capacidade de 250 ml, uma garrafa de Cacha\u00e7a Piracicabana Pura com capacidade de 250 ml e uma garrafa de Cacha\u00e7a Piracicabana envelhecida com capacidade de 250 ml &#8211; Ref-32"},"content":{"rendered":"<p><img loading=\"lazy\" decoding=\"async\" class=\"alignnone size-full wp-image-345\" src=\"https:\/\/www.cachacapiracicabana.com.br\/site\/wp-content\/uploads\/2014\/06\/32.jpg\" alt=\"32\" width=\"1024\" height=\"768\" \/> <img loading=\"lazy\" decoding=\"async\" class=\"alignnone size-full wp-image-346\" src=\"https:\/\/www.cachacapiracicabana.com.br\/site\/wp-content\/uploads\/2014\/06\/32a.jpg\" alt=\"32a\" width=\"1024\" height=\"768\" \/> <img loading=\"lazy\" decoding=\"async\" class=\"alignnone size-full wp-image-349\" src=\"https:\/\/www.cachacapiracicabana.com.br\/site\/wp-content\/uploads\/2014\/06\/32ab.jpg\" alt=\"32ab\" width=\"1024\" height=\"768\" \/> <img loading=\"lazy\" decoding=\"async\" class=\"alignnone size-full wp-image-350\" src=\"https:\/\/www.cachacapiracicabana.com.br\/site\/wp-content\/uploads\/2014\/06\/32b.jpg\" alt=\"32b\" width=\"1024\" height=\"768\" \/><\/p>\n","protected":false},"excerpt":{"rendered":"","protected":false},"author":2,"featured_media":0,"parent":0,"menu_order":0,"comment_status":"closed","ping_status":"closed","template":"","meta":{"footnotes":""},"_links":{"self":[{"href":"https:\/\/www.cachacapiracicabana.com.br\/site\/wp-json\/wp\/v2\/pages\/344"}],"collection":[{"href":"https:\/\/www.cachacapiracicabana.com.br\/site\/wp-json\/wp\/v2\/pages"}],"about":[{"href":"https:\/\/www.cachacapiracicabana.com.br\/site\/wp-json\/wp\/v2\/types\/page"}],"author":[{"embeddable":true,"href":"https:\/\/www.cachacapiracicabana.com.br\/site\/wp-json\/wp\/v2\/users\/2"}],"replies":[{"embeddable":true,"href":"https:\/\/www.cachacapiracicabana.com.br\/site\/wp-json\/wp\/v2\/comments?post=344"}],"version-history":[{"count":1,"href":"https:\/\/www.cachacapiracicabana.com.br\/site\/wp-json\/wp\/v2\/pages\/344\/revisions"}],"predecessor-version":[{"id":670,"href":"https:\/\/www.cachacapiracicabana.com.br\/site\/wp-json\/wp\/v2\/pages\/344\/revisions\/670"}],"wp:attachment":[{"href":"https:\/\/www.cachacapiracicabana.com.br\/site\/wp-json\/wp\/v2\/media?parent=344"}],"curies":[{"name":"wp","href":"https:\/\/api.w.org\/{rel}","templated":true}]}}