{"id":394,"date":"2014-06-10T16:50:44","date_gmt":"2014-06-10T16:50:44","guid":{"rendered":"http:\/\/www.cachacapiracicabana.com.br\/site\/?page_id=394"},"modified":"2014-06-10T16:50:44","modified_gmt":"2014-06-10T16:50:44","slug":"bau-de-madeira-personalizado-contendo-uma-garrafa-de-cachaca-piracicabana-pura-com-capacidade-de-500-ml-e-uma-garrafa-de-cachaca-piracicabana-envelhecida-com-capacidade-de-500-ml-ref-39","status":"publish","type":"page","link":"https:\/\/www.cachacapiracicabana.com.br\/site\/bau-de-madeira-personalizado-contendo-uma-garrafa-de-cachaca-piracicabana-pura-com-capacidade-de-500-ml-e-uma-garrafa-de-cachaca-piracicabana-envelhecida-com-capacidade-de-500-ml-ref-39\/","title":{"rendered":"Ba\u00fa de madeira personalizado contendo uma garrafa de Cacha\u00e7a Piracicabana pura com capacidade de 500 ml e uma garrafa de Cacha\u00e7a Piracicabana envelhecida com capacidade de 500 ml &#8211; Ref-39"},"content":{"rendered":"<p><img loading=\"lazy\" decoding=\"async\" class=\"alignnone size-full wp-image-397\" src=\"https:\/\/www.cachacapiracicabana.com.br\/site\/wp-content\/uploads\/2014\/06\/39.jpg\" alt=\"39\" width=\"1024\" height=\"768\" \/><br \/>\n<img loading=\"lazy\" decoding=\"async\" class=\"alignnone size-full wp-image-395\" src=\"https:\/\/www.cachacapiracicabana.com.br\/site\/wp-content\/uploads\/2014\/06\/3839a1.jpg\" alt=\"38,39a\" width=\"1024\" height=\"768\" \/> <img loading=\"lazy\" decoding=\"async\" class=\"alignnone size-full wp-image-396\" src=\"https:\/\/www.cachacapiracicabana.com.br\/site\/wp-content\/uploads\/2014\/06\/3839b.JPG1.jpg\" alt=\"38,39b.JPG\" width=\"1024\" height=\"768\" \/><\/p>\n","protected":false},"excerpt":{"rendered":"","protected":false},"author":2,"featured_media":0,"parent":0,"menu_order":0,"comment_status":"closed","ping_status":"closed","template":"","meta":{"footnotes":""},"_links":{"self":[{"href":"https:\/\/www.cachacapiracicabana.com.br\/site\/wp-json\/wp\/v2\/pages\/394"}],"collection":[{"href":"https:\/\/www.cachacapiracicabana.com.br\/site\/wp-json\/wp\/v2\/pages"}],"about":[{"href":"https:\/\/www.cachacapiracicabana.com.br\/site\/wp-json\/wp\/v2\/types\/page"}],"author":[{"embeddable":true,"href":"https:\/\/www.cachacapiracicabana.com.br\/site\/wp-json\/wp\/v2\/users\/2"}],"replies":[{"embeddable":true,"href":"https:\/\/www.cachacapiracicabana.com.br\/site\/wp-json\/wp\/v2\/comments?post=394"}],"version-history":[{"count":0,"href":"https:\/\/www.cachacapiracicabana.com.br\/site\/wp-json\/wp\/v2\/pages\/394\/revisions"}],"wp:attachment":[{"href":"https:\/\/www.cachacapiracicabana.com.br\/site\/wp-json\/wp\/v2\/media?parent=394"}],"curies":[{"name":"wp","href":"https:\/\/api.w.org\/{rel}","templated":true}]}}