{"id":399,"date":"2014-06-10T16:52:55","date_gmt":"2014-06-10T16:52:55","guid":{"rendered":"http:\/\/www.cachacapiracicabana.com.br\/site\/?page_id=399"},"modified":"2014-06-10T16:52:55","modified_gmt":"2014-06-10T16:52:55","slug":"bau-de-madeira-personalizado-contendo-uma-garrafa-de-licor-creme-de-cachaca-piracicabana-com-capacidade-de-500-ml-uma-garrafa-de-cachaca-piracicabana-envelhecida-com-capacidade-de-500-ml-e-uma-garra","status":"publish","type":"page","link":"https:\/\/www.cachacapiracicabana.com.br\/site\/bau-de-madeira-personalizado-contendo-uma-garrafa-de-licor-creme-de-cachaca-piracicabana-com-capacidade-de-500-ml-uma-garrafa-de-cachaca-piracicabana-envelhecida-com-capacidade-de-500-ml-e-uma-garra\/","title":{"rendered":"Ba\u00fa de madeira personalizado contendo uma garrafa de licor creme de Cacha\u00e7a Piracicabana com capacidade de 500 ml , uma garrafa de Cacha\u00e7a Piracicabana envelhecida com capacidade de 500 ml e uma garrafa de Cacha\u00e7a Piracicabana pura com capacidade de 500 ml &#8211; Ref-40"},"content":{"rendered":"<p><img loading=\"lazy\" decoding=\"async\" class=\"alignnone size-full wp-image-400\" src=\"https:\/\/www.cachacapiracicabana.com.br\/site\/wp-content\/uploads\/2014\/06\/40.jpg\" alt=\"40\" width=\"1024\" height=\"768\" \/> <img loading=\"lazy\" decoding=\"async\" class=\"alignnone size-full wp-image-401\" src=\"https:\/\/www.cachacapiracicabana.com.br\/site\/wp-content\/uploads\/2014\/06\/40a.jpg\" alt=\"40a\" width=\"1024\" height=\"768\" \/> <img loading=\"lazy\" decoding=\"async\" class=\"alignnone size-full wp-image-402\" src=\"https:\/\/www.cachacapiracicabana.com.br\/site\/wp-content\/uploads\/2014\/06\/40b.jpg\" alt=\"40b\" width=\"1024\" height=\"768\" \/><\/p>\n","protected":false},"excerpt":{"rendered":"","protected":false},"author":2,"featured_media":0,"parent":0,"menu_order":0,"comment_status":"closed","ping_status":"closed","template":"","meta":{"footnotes":""},"_links":{"self":[{"href":"https:\/\/www.cachacapiracicabana.com.br\/site\/wp-json\/wp\/v2\/pages\/399"}],"collection":[{"href":"https:\/\/www.cachacapiracicabana.com.br\/site\/wp-json\/wp\/v2\/pages"}],"about":[{"href":"https:\/\/www.cachacapiracicabana.com.br\/site\/wp-json\/wp\/v2\/types\/page"}],"author":[{"embeddable":true,"href":"https:\/\/www.cachacapiracicabana.com.br\/site\/wp-json\/wp\/v2\/users\/2"}],"replies":[{"embeddable":true,"href":"https:\/\/www.cachacapiracicabana.com.br\/site\/wp-json\/wp\/v2\/comments?post=399"}],"version-history":[{"count":0,"href":"https:\/\/www.cachacapiracicabana.com.br\/site\/wp-json\/wp\/v2\/pages\/399\/revisions"}],"wp:attachment":[{"href":"https:\/\/www.cachacapiracicabana.com.br\/site\/wp-json\/wp\/v2\/media?parent=399"}],"curies":[{"name":"wp","href":"https:\/\/api.w.org\/{rel}","templated":true}]}}