{"id":405,"date":"2014-06-10T16:56:57","date_gmt":"2014-06-10T16:56:57","guid":{"rendered":"http:\/\/www.cachacapiracicabana.com.br\/site\/?page_id=405"},"modified":"2014-06-10T16:56:57","modified_gmt":"2014-06-10T16:56:57","slug":"sacola-personalizada-personalizado-contendo-uma-garrafa-de-licor-creme-de-cachaca-piracicabana-com-capacidade-de-50-ml-uma-garrafa-de-cachaca-piracicabana-envelhecida-com-capacidade-de-50-ml-e-uma-g","status":"publish","type":"page","link":"https:\/\/www.cachacapiracicabana.com.br\/site\/sacola-personalizada-personalizado-contendo-uma-garrafa-de-licor-creme-de-cachaca-piracicabana-com-capacidade-de-50-ml-uma-garrafa-de-cachaca-piracicabana-envelhecida-com-capacidade-de-50-ml-e-uma-g\/","title":{"rendered":"Sacola personalizada personalizado contendo uma garrafa de licor creme de Cacha\u00e7a Piracicabana com capacidade de 50 ml , uma garrafa de Cacha\u00e7a Piracicabana envelhecida com capacidade de 50 ml e uma garrafa de Cacha\u00e7a Piracicabana pura com capacidade de 50 ml &#8211; Ref-41"},"content":{"rendered":"<p><img loading=\"lazy\" decoding=\"async\" class=\"alignnone size-full wp-image-414\" src=\"https:\/\/www.cachacapiracicabana.com.br\/site\/wp-content\/uploads\/2014\/06\/41.jpg\" alt=\"41\" width=\"1024\" height=\"768\" \/><\/p>\n","protected":false},"excerpt":{"rendered":"","protected":false},"author":2,"featured_media":0,"parent":0,"menu_order":0,"comment_status":"closed","ping_status":"closed","template":"","meta":{"footnotes":""},"_links":{"self":[{"href":"https:\/\/www.cachacapiracicabana.com.br\/site\/wp-json\/wp\/v2\/pages\/405"}],"collection":[{"href":"https:\/\/www.cachacapiracicabana.com.br\/site\/wp-json\/wp\/v2\/pages"}],"about":[{"href":"https:\/\/www.cachacapiracicabana.com.br\/site\/wp-json\/wp\/v2\/types\/page"}],"author":[{"embeddable":true,"href":"https:\/\/www.cachacapiracicabana.com.br\/site\/wp-json\/wp\/v2\/users\/2"}],"replies":[{"embeddable":true,"href":"https:\/\/www.cachacapiracicabana.com.br\/site\/wp-json\/wp\/v2\/comments?post=405"}],"version-history":[{"count":0,"href":"https:\/\/www.cachacapiracicabana.com.br\/site\/wp-json\/wp\/v2\/pages\/405\/revisions"}],"wp:attachment":[{"href":"https:\/\/www.cachacapiracicabana.com.br\/site\/wp-json\/wp\/v2\/media?parent=405"}],"curies":[{"name":"wp","href":"https:\/\/api.w.org\/{rel}","templated":true}]}}